{"id":50463,"date":"2025-08-30T19:45:02","date_gmt":"2025-08-30T17:45:02","guid":{"rendered":"https:\/\/kortunal.com\/?page_id=50463"},"modified":"2025-09-18T13:01:58","modified_gmt":"2025-09-18T11:01:58","slug":"drewniane-domki","status":"publish","type":"page","link":"https:\/\/kortunal.com\/index.php\/drewniane-domki\/","title":{"rendered":"Drewniane domki"},"content":{"rendered":"<p>[et_pb_section fb_built=&#8221;1&#8243; _builder_version=&#8221;4.27.4&#8243; _module_preset=&#8221;default&#8221; global_colors_info=&#8221;{}&#8221;][et_pb_row _builder_version=&#8221;4.27.4&#8243; _module_preset=&#8221;default&#8221; global_colors_info=&#8221;{}&#8221;][et_pb_column type=&#8221;4_4&#8243; _builder_version=&#8221;4.27.4&#8243; _module_preset=&#8221;default&#8221; global_colors_info=&#8221;{}&#8221;][et_pb_image src=&#8221;https:\/\/kortunal.com\/wp-content\/uploads\/2025\/08\/mix-scaled.jpg&#8221; title_text=&#8221;mix&#8221; _builder_version=&#8221;4.27.4&#8243; _module_preset=&#8221;default&#8221; global_colors_info=&#8221;{}&#8221;][\/et_pb_image][\/et_pb_column][\/et_pb_row][et_pb_row column_structure=&#8221;3_5,2_5&#8243; _builder_version=&#8221;4.27.4&#8243; _module_preset=&#8221;default&#8221; global_colors_info=&#8221;{}&#8221;][et_pb_column type=&#8221;3_5&#8243; _builder_version=&#8221;4.27.4&#8243; _module_preset=&#8221;default&#8221; global_colors_info=&#8221;{}&#8221;][et_pb_text _builder_version=&#8221;4.27.4&#8243; _module_preset=&#8221;default&#8221; global_colors_info=&#8221;{}&#8221;]<\/p>\n<p>Zapraszamy w progi Warowni! Nasi go\u015bcie \u015bpi\u0105 w przytulnych drewnianych chatkach, kt\u00f3re wiosn\u0105 2025 przesz\u0142y gruntowny remont, zyskuj\u0105c kilka r\u00f3\u017cnych opcji noclegowych:<\/p>\n<p>[\/et_pb_text][et_pb_slider _builder_version=&#8221;4.27.4&#8243; _module_preset=&#8221;default&#8221; global_colors_info=&#8221;{}&#8221;][et_pb_slide heading=&#8221;Chatka czyli domek &#8221; button_text=&#8221;Zobacz&#8221; button_link=&#8221;https:\/\/kortunal.com\/index.php\/galeria-warownia\/&#8221; url_new_window=&#8221;on&#8221; image=&#8221;https:\/\/kortunal.com\/wp-content\/uploads\/2025\/09\/IMG20250917144449-1-scaled.jpg&#8221; _builder_version=&#8221;4.27.4&#8243; _module_preset=&#8221;default&#8221; background_color=&#8221;#283D00&#8243; background_enable_color=&#8221;on&#8221; global_colors_info=&#8221;{}&#8221; sticky_transition=&#8221;on&#8221;]<\/p>\n<p style=\"text-align: left;\"><strong>Chatka mieszkalna &#8211;<\/strong> ca\u0142y domek do dyspozycji go\u015bci. W domku mamy:<\/p>\n<ul style=\"text-align: left;\">\n<li>prywatna \u0142azienka: prysznic + umywalka + toaleta, do dyspozycji r\u0119czniki;<\/li>\n<li>mini aneks kuchenny z wyposa\u017ceniem:\n<ul style=\"text-align: left;\">\n<li>lod\u00f3wka,<\/li>\n<li>czajnik,<\/li>\n<li>kuchenka elektryczna,<\/li>\n<li>komplet naczy\u0144 dla 6 os.,<\/li>\n<li>rondel + patelnia,<\/li>\n<li>stolik + taborety<\/li>\n<\/ul>\n<\/li>\n<li>antresola sypialna: 4 &#8211; 5 miejsc sypialnych na wygodnych materacach\/futonach (szer. 70 lub 80cm)<\/li>\n<li>p\u00f3\u0142ki i wieszaki<\/li>\n<li>salonik: 2 rozk\u0142adane miejsca sypialne na \u0142o\u017cko-kanapach szer. 80cm, stolik, skrzynia na rzeczy, elektryczny promiennik &#8222;kominkowy&#8221;<\/li>\n<\/ul>\n<p style=\"text-align: left;\">Wszystkie miejsca sypialne wyposa\u017cone s\u0105 w po\u015bciel, dodatkowo w ch\u0142odne dni mo\u017cna z bufetu wypo\u017cyczy\u0107 (bezp\u0142atnie) koc.<br \/>Dla podr\u00f3\u017cnych z psami dok\u0142adamy tak\u017ce legowisko i miseczk\u0119 dla pupila, a dla go\u015bci z malutkim dzieckiem &#8211; mamy mo\u017cliwo\u015b\u0107 wypo\u017cyczenia \u0142\u00f3\u017ceczka.<\/p>\n<p style=\"text-align: left;\">Optymalna liczba nocuj\u0105cych w chatce: 4-7 os\u00f3b<br \/>W Warowni mamy do dyspozycji 3 chatki mieszkalne, maksymalnie 20 &#8211; 23 os.<\/p>\n<p>[\/et_pb_slide][et_pb_slide heading=&#8221;IZBA czyli pok\u00f3j z antresol\u0105&#8221; button_text=&#8221;Zobacz&#8221; button_link=&#8221;https:\/\/kortunal.com\/index.php\/galeria-warownia\/&#8221; url_new_window=&#8221;on&#8221; image=&#8221;https:\/\/kortunal.com\/wp-content\/uploads\/2025\/08\/IMG20250830145657-EDIT-scaled.jpg&#8221; _builder_version=&#8221;4.27.4&#8243; _module_preset=&#8221;default&#8221; background_color=&#8221;#44580E&#8221; background_enable_color=&#8221;on&#8221; global_colors_info=&#8221;{}&#8221; sticky_transition=&#8221;on&#8221;]<\/p>\n<p style=\"text-align: left;\"><strong>Izba mieszkalna\u00a0<\/strong> czyli pok\u00f3j z sypialn\u0105 antresol\u0105 i wsp\u00f3\u0142dzielon\u0105 \u0142azienk\u0105.<br \/>1 domek mie\u015bci 2 izby mieszkalne oraz \u0142azienk\u0119, ka\u017cde z niezale\u017cnym wej\u015bciem.<\/p>\n<ul style=\"text-align: left;\">\n<li>Na parterze:\n<ul>\n<li>ma\u0142y pok\u00f3j z \u0142\u00f3\u017ckiem pi\u0119trowym &#8211; 2 miejsca sypialne szer. 70cm,<\/li>\n<li>stolik + krzes\u0142a<\/li>\n<li>p\u00f3\u0142ka, wieszaki<\/li>\n<li>czajnik elektryczny + kubeczki<\/li>\n<\/ul>\n<\/li>\n<li>Na poddaszu:\n<ul>\n<li>antresola sypialna\u00a0 &#8211; 2 miejsca sypialne na materacach\/futonach szer. 70 lub 80cm<\/li>\n<\/ul>\n<\/li>\n<li>S\u0105siaduj\u0105ca \u0142azienka (1 na 2 pokoje) &#8211;\u00a0 prysznic + umywalka + toaleta, do dyspozycji r\u0119czniki<\/li>\n<li>Ogrzewanie elektryczne<\/li>\n<\/ul>\n<p style=\"text-align: left;\">Wszystkie miejsca sypialne wyposa\u017cone s\u0105 w po\u015bciel, dodatkowo w ch\u0142odne dni mo\u017cna z bufetu wypo\u017cyczy\u0107 (bezp\u0142atnie) koc.<br \/>Dla podr\u00f3\u017cnych z psami dok\u0142adamy tak\u017ce legowisko i miseczk\u0119 dla pupila, a dla go\u015bci z malutkim dzieckiem &#8211; mamy mo\u017cliwo\u015b\u0107 wypo\u017cyczenia \u0142\u00f3\u017ceczka.<\/p>\n<p style=\"text-align: left;\">Optymalna liczba nocuj\u0105cych: 4<br \/>Mamy do dyspozycji 4 izby mieszkalne, maksymalnie 16 os.<\/p>\n<p>[\/et_pb_slide][et_pb_slide heading=&#8221;\u0141azienki &#8221; button_text=&#8221;Zobacz&#8221; button_link=&#8221;https:\/\/kortunal.com\/index.php\/galeria-warownia\/&#8221; url_new_window=&#8221;on&#8221; image=&#8221;https:\/\/kortunal.com\/wp-content\/uploads\/2023\/12\/IMG202204221802161-scaled.jpg&#8221; _builder_version=&#8221;4.27.4&#8243; _module_preset=&#8221;default&#8221; background_color=&#8221;#44580E&#8221; background_enable_color=&#8221;on&#8221; global_colors_info=&#8221;{}&#8221; sticky_transition=&#8221;on&#8221;]<\/p>\n<p>Opr\u00f3cz \u0142azienek dost\u0119pnych w ka\u017cdym domku, nasi go\u015bcie mog\u0105 skorzysta\u0107 z og\u00f3lnodost\u0119pnej \u0142azienki w osobnym budynku, u g\u00f3ry stoku . Jest to odleg\u0142o\u015b\u0107 30-50 m od domk\u00f3w mieszkalnych.<br \/>Do dyspozycji s\u0105 tam 4 prysznice i 4 toalety i umywalki.<\/p>\n<p>Jest tak\u017ce k\u0105cik toaletowy z lustrem, gdzie mo\u017cna skorzysta\u0107 np. z suszarki do w\u0142os\u00f3w.<br \/>WA\u017bNE! Ciep\u0142\u0105 wod\u0119 zapewniaj\u0105 ogrzewacze przep\u0142ywowe, wi\u0119c odkr\u0119caj\u0105c kurek trzeba poczeka\u0107 kilka minut, a\u017c woda zacznie p\u0142yn\u0105\u0107. W razie gdyby wci\u0105\u017c by\u0142a zimna, mo\u017ce to oznacza\u0107 konieczno\u015b\u0107 wymiany butli w ogrzewaczu, wi\u0119c bardzo prosimy o zg\u0142oszenie tego obs\u0142udze.<\/p>\n<p>Poni\u017cej budynku znajduje si\u0119 tak\u017ce drewniana UMYWALNIA, s\u0142u\u017c\u0105ca do mycia naczy\u0144.<\/p>\n<p>[\/et_pb_slide][\/et_pb_slider][\/et_pb_column][et_pb_column type=&#8221;2_5&#8243; _builder_version=&#8221;4.27.4&#8243; _module_preset=&#8221;default&#8221; global_colors_info=&#8221;{}&#8221;][et_pb_gallery gallery_ids=&#8221;50671,50661,50470,50368,50366,50469,50670,50365,50367,50364,50344,50471,50214,49914,49861,49860,49859,49858,49857,49856,50473,49862,50673,49863,50474,50472,50669,50667,50665,50659,50656&#8243; show_title_and_caption=&#8221;off&#8221; show_pagination=&#8221;off&#8221; _builder_version=&#8221;4.27.4&#8243; _module_preset=&#8221;default&#8221; hover_enabled=&#8221;0&#8243; global_colors_info=&#8221;{}&#8221; sticky_enabled=&#8221;0&#8243;][\/et_pb_gallery][\/et_pb_column][\/et_pb_row][\/et_pb_section]<\/p>\n","protected":false},"excerpt":{"rendered":"<p>Zapraszamy w progi Warowni! Nasi go\u015bcie \u015bpi\u0105 w przytulnych drewnianych chatkach, kt\u00f3re wiosn\u0105 2025 przesz\u0142y gruntowny remont, zyskuj\u0105c kilka r\u00f3\u017cnych opcji noclegowych:Chatka mieszkalna &#8211; ca\u0142y domek do dyspozycji go\u015bci. W domku mamy: prywatna \u0142azienka: prysznic + umywalka + toaleta, do dyspozycji r\u0119czniki; mini aneks kuchenny z wyposa\u017ceniem: lod\u00f3wka, czajnik, kuchenka elektryczna, komplet naczy\u0144 dla 6 [&hellip;]<\/p>\n","protected":false},"author":2,"featured_media":50476,"parent":0,"menu_order":0,"comment_status":"closed","ping_status":"closed","template":"","meta":{"_et_pb_use_builder":"on","_et_pb_old_content":"","_et_gb_content_width":"","footnotes":""},"class_list":["post-50463","page","type-page","status-publish","has-post-thumbnail","hentry"],"yoast_head":"<!-- This site is optimized with the Yoast SEO plugin v27.4 - https:\/\/yoast.com\/product\/yoast-seo-wordpress\/ -->\n<title>Drewniane domki - Kortunal<\/title>\n<meta name=\"description\" content=\"Nasi go\u015bcie nocuj\u0105 w przytulnych drewnianych domkach z \u0142azienkami i sypialn\u0105 antresol\u0105, czekaj\u0105 te\u017c miejsca ogniskowe.\" \/>\n<meta name=\"robots\" content=\"index, follow, max-snippet:-1, max-image-preview:large, max-video-preview:-1\" \/>\n<link rel=\"canonical\" href=\"https:\/\/kortunal.com\/index.php\/drewniane-domki\/\" \/>\n<meta property=\"og:locale\" content=\"pl_PL\" \/>\n<meta property=\"og:type\" content=\"article\" \/>\n<meta property=\"og:title\" content=\"Drewniane domki - Kortunal\" \/>\n<meta property=\"og:description\" content=\"Nasi go\u015bcie nocuj\u0105 w przytulnych drewnianych domkach z \u0142azienkami i sypialn\u0105 antresol\u0105, czekaj\u0105 te\u017c miejsca ogniskowe.\" \/>\n<meta property=\"og:url\" content=\"https:\/\/kortunal.com\/index.php\/drewniane-domki\/\" \/>\n<meta property=\"og:site_name\" content=\"Kortunal\" \/>\n<meta property=\"article:modified_time\" content=\"2025-09-18T11:01:58+00:00\" \/>\n<meta property=\"og:image\" content=\"https:\/\/kortunal.com\/wp-content\/uploads\/2025\/08\/IMG20250830150528-EDIT-scaled.jpg\" \/>\n\t<meta property=\"og:image:width\" content=\"2560\" \/>\n\t<meta property=\"og:image:height\" content=\"1920\" \/>\n\t<meta property=\"og:image:type\" content=\"image\/jpeg\" \/>\n<meta name=\"twitter:card\" content=\"summary_large_image\" \/>\n<meta name=\"twitter:label1\" content=\"Szacowany czas czytania\" \/>\n\t<meta name=\"twitter:data1\" content=\"4 minuty\" \/>\n<script type=\"application\/ld+json\" class=\"yoast-schema-graph\">{\"@context\":\"https:\\\/\\\/schema.org\",\"@graph\":[{\"@type\":\"WebPage\",\"@id\":\"https:\\\/\\\/kortunal.com\\\/index.php\\\/drewniane-domki\\\/\",\"url\":\"https:\\\/\\\/kortunal.com\\\/index.php\\\/drewniane-domki\\\/\",\"name\":\"Drewniane domki - Kortunal\",\"isPartOf\":{\"@id\":\"https:\\\/\\\/kortunal.com\\\/#website\"},\"primaryImageOfPage\":{\"@id\":\"https:\\\/\\\/kortunal.com\\\/index.php\\\/drewniane-domki\\\/#primaryimage\"},\"image\":{\"@id\":\"https:\\\/\\\/kortunal.com\\\/index.php\\\/drewniane-domki\\\/#primaryimage\"},\"thumbnailUrl\":\"https:\\\/\\\/kortunal.com\\\/wp-content\\\/uploads\\\/2025\\\/08\\\/IMG20250830150528-EDIT-scaled.jpg\",\"datePublished\":\"2025-08-30T17:45:02+00:00\",\"dateModified\":\"2025-09-18T11:01:58+00:00\",\"description\":\"Nasi go\u015bcie nocuj\u0105 w przytulnych drewnianych domkach z \u0142azienkami i sypialn\u0105 antresol\u0105, czekaj\u0105 te\u017c miejsca ogniskowe.\",\"breadcrumb\":{\"@id\":\"https:\\\/\\\/kortunal.com\\\/index.php\\\/drewniane-domki\\\/#breadcrumb\"},\"inLanguage\":\"pl-PL\",\"potentialAction\":[{\"@type\":\"ReadAction\",\"target\":[\"https:\\\/\\\/kortunal.com\\\/index.php\\\/drewniane-domki\\\/\"]}]},{\"@type\":\"ImageObject\",\"inLanguage\":\"pl-PL\",\"@id\":\"https:\\\/\\\/kortunal.com\\\/index.php\\\/drewniane-domki\\\/#primaryimage\",\"url\":\"https:\\\/\\\/kortunal.com\\\/wp-content\\\/uploads\\\/2025\\\/08\\\/IMG20250830150528-EDIT-scaled.jpg\",\"contentUrl\":\"https:\\\/\\\/kortunal.com\\\/wp-content\\\/uploads\\\/2025\\\/08\\\/IMG20250830150528-EDIT-scaled.jpg\",\"width\":2560,\"height\":1920,\"caption\":\"oplus_8192\"},{\"@type\":\"BreadcrumbList\",\"@id\":\"https:\\\/\\\/kortunal.com\\\/index.php\\\/drewniane-domki\\\/#breadcrumb\",\"itemListElement\":[{\"@type\":\"ListItem\",\"position\":1,\"name\":\"Strona g\u0142\u00f3wna\",\"item\":\"https:\\\/\\\/kortunal.com\\\/\"},{\"@type\":\"ListItem\",\"position\":2,\"name\":\"Drewniane domki\"}]},{\"@type\":\"WebSite\",\"@id\":\"https:\\\/\\\/kortunal.com\\\/#website\",\"url\":\"https:\\\/\\\/kortunal.com\\\/\",\"name\":\"Kortunal\",\"description\":\"Obozy i wycieczki pe\u0142ne przyg\u00f3d.\",\"potentialAction\":[{\"@type\":\"SearchAction\",\"target\":{\"@type\":\"EntryPoint\",\"urlTemplate\":\"https:\\\/\\\/kortunal.com\\\/?s={search_term_string}\"},\"query-input\":{\"@type\":\"PropertyValueSpecification\",\"valueRequired\":true,\"valueName\":\"search_term_string\"}}],\"inLanguage\":\"pl-PL\"}]}<\/script>\n<!-- \/ Yoast SEO plugin. -->","yoast_head_json":{"title":"Drewniane domki - Kortunal","description":"Nasi go\u015bcie nocuj\u0105 w przytulnych drewnianych domkach z \u0142azienkami i sypialn\u0105 antresol\u0105, czekaj\u0105 te\u017c miejsca ogniskowe.","robots":{"index":"index","follow":"follow","max-snippet":"max-snippet:-1","max-image-preview":"max-image-preview:large","max-video-preview":"max-video-preview:-1"},"canonical":"https:\/\/kortunal.com\/index.php\/drewniane-domki\/","og_locale":"pl_PL","og_type":"article","og_title":"Drewniane domki - Kortunal","og_description":"Nasi go\u015bcie nocuj\u0105 w przytulnych drewnianych domkach z \u0142azienkami i sypialn\u0105 antresol\u0105, czekaj\u0105 te\u017c miejsca ogniskowe.","og_url":"https:\/\/kortunal.com\/index.php\/drewniane-domki\/","og_site_name":"Kortunal","article_modified_time":"2025-09-18T11:01:58+00:00","og_image":[{"width":2560,"height":1920,"url":"https:\/\/kortunal.com\/wp-content\/uploads\/2025\/08\/IMG20250830150528-EDIT-scaled.jpg","type":"image\/jpeg"}],"twitter_card":"summary_large_image","twitter_misc":{"Szacowany czas czytania":"4 minuty"},"schema":{"@context":"https:\/\/schema.org","@graph":[{"@type":"WebPage","@id":"https:\/\/kortunal.com\/index.php\/drewniane-domki\/","url":"https:\/\/kortunal.com\/index.php\/drewniane-domki\/","name":"Drewniane domki - Kortunal","isPartOf":{"@id":"https:\/\/kortunal.com\/#website"},"primaryImageOfPage":{"@id":"https:\/\/kortunal.com\/index.php\/drewniane-domki\/#primaryimage"},"image":{"@id":"https:\/\/kortunal.com\/index.php\/drewniane-domki\/#primaryimage"},"thumbnailUrl":"https:\/\/kortunal.com\/wp-content\/uploads\/2025\/08\/IMG20250830150528-EDIT-scaled.jpg","datePublished":"2025-08-30T17:45:02+00:00","dateModified":"2025-09-18T11:01:58+00:00","description":"Nasi go\u015bcie nocuj\u0105 w przytulnych drewnianych domkach z \u0142azienkami i sypialn\u0105 antresol\u0105, czekaj\u0105 te\u017c miejsca ogniskowe.","breadcrumb":{"@id":"https:\/\/kortunal.com\/index.php\/drewniane-domki\/#breadcrumb"},"inLanguage":"pl-PL","potentialAction":[{"@type":"ReadAction","target":["https:\/\/kortunal.com\/index.php\/drewniane-domki\/"]}]},{"@type":"ImageObject","inLanguage":"pl-PL","@id":"https:\/\/kortunal.com\/index.php\/drewniane-domki\/#primaryimage","url":"https:\/\/kortunal.com\/wp-content\/uploads\/2025\/08\/IMG20250830150528-EDIT-scaled.jpg","contentUrl":"https:\/\/kortunal.com\/wp-content\/uploads\/2025\/08\/IMG20250830150528-EDIT-scaled.jpg","width":2560,"height":1920,"caption":"oplus_8192"},{"@type":"BreadcrumbList","@id":"https:\/\/kortunal.com\/index.php\/drewniane-domki\/#breadcrumb","itemListElement":[{"@type":"ListItem","position":1,"name":"Strona g\u0142\u00f3wna","item":"https:\/\/kortunal.com\/"},{"@type":"ListItem","position":2,"name":"Drewniane domki"}]},{"@type":"WebSite","@id":"https:\/\/kortunal.com\/#website","url":"https:\/\/kortunal.com\/","name":"Kortunal","description":"Obozy i wycieczki pe\u0142ne przyg\u00f3d.","potentialAction":[{"@type":"SearchAction","target":{"@type":"EntryPoint","urlTemplate":"https:\/\/kortunal.com\/?s={search_term_string}"},"query-input":{"@type":"PropertyValueSpecification","valueRequired":true,"valueName":"search_term_string"}}],"inLanguage":"pl-PL"}]}},"_links":{"self":[{"href":"https:\/\/kortunal.com\/index.php\/wp-json\/wp\/v2\/pages\/50463","targetHints":{"allow":["GET"]}}],"collection":[{"href":"https:\/\/kortunal.com\/index.php\/wp-json\/wp\/v2\/pages"}],"about":[{"href":"https:\/\/kortunal.com\/index.php\/wp-json\/wp\/v2\/types\/page"}],"author":[{"embeddable":true,"href":"https:\/\/kortunal.com\/index.php\/wp-json\/wp\/v2\/users\/2"}],"replies":[{"embeddable":true,"href":"https:\/\/kortunal.com\/index.php\/wp-json\/wp\/v2\/comments?post=50463"}],"version-history":[{"count":16,"href":"https:\/\/kortunal.com\/index.php\/wp-json\/wp\/v2\/pages\/50463\/revisions"}],"predecessor-version":[{"id":50679,"href":"https:\/\/kortunal.com\/index.php\/wp-json\/wp\/v2\/pages\/50463\/revisions\/50679"}],"wp:featuredmedia":[{"embeddable":true,"href":"https:\/\/kortunal.com\/index.php\/wp-json\/wp\/v2\/media\/50476"}],"wp:attachment":[{"href":"https:\/\/kortunal.com\/index.php\/wp-json\/wp\/v2\/media?parent=50463"}],"curies":[{"name":"wp","href":"https:\/\/api.w.org\/{rel}","templated":true}]}}