{"id":70,"date":"2019-12-05T15:27:50","date_gmt":"2019-12-05T14:27:50","guid":{"rendered":"http:\/\/kortunal.com\/?page_id=70"},"modified":"2025-06-24T11:08:08","modified_gmt":"2025-06-24T09:08:08","slug":"kontakt","status":"publish","type":"page","link":"https:\/\/kortunal.com\/index.php\/kontakt\/","title":{"rendered":"Kontakt"},"content":{"rendered":"<p>[et_pb_section fb_built=&#8221;1&#8243; module_id=&#8221;aboutUs&#8221; _builder_version=&#8221;4.16&#8243; background_color=&#8221;#f5f5dc&#8221; custom_padding=&#8221;||30px|||&#8221; global_colors_info=&#8221;{}&#8221;][et_pb_row column_structure=&#8221;1_2,1_2&#8243; _builder_version=&#8221;4.16&#8243; max_width=&#8221;2560px&#8221; global_colors_info=&#8221;{}&#8221;][et_pb_column type=&#8221;1_2&#8243; _builder_version=&#8221;4.16&#8243; global_colors_info=&#8221;{}&#8221;][et_pb_text _builder_version=&#8221;4.16&#8243; text_text_color=&#8221;#000000&#8243; header_2_font=&#8221;AnironB|700|||||||&#8221; header_2_text_color=&#8221;#000000&#8243; header_2_font_size=&#8221;30px&#8221; custom_margin=&#8221;||15px|||&#8221; border_color_bottom=&#8221;#ffffff&#8221; global_colors_info=&#8221;{}&#8221;]<\/p>\n<h2 style=\"text-align: left;\"><strong>O nas<\/strong><\/h2>\n<p>[\/et_pb_text][et_pb_text _builder_version=&#8221;4.23.1&#8243; text_text_color=&#8221;#000000&#8243; text_font_size=&#8221;16px&#8221; global_colors_info=&#8221;{}&#8221;]<\/p>\n<p>Firma ta powsta\u0142a z naszej fascynacji G\u00f3rami Sowimi, potrzeby przygody, zami\u0142owania do survivalu i mi\u0142o\u015bci do niezwyk\u0142ego miejsca, jakim jest Srebrna G\u00f3ra. Po kilku latach przyg\u00f3d na w\u0142asn\u0105 r\u0119k\u0119 postanowili\u015bmy nasza pasj\u0119 zamieni\u0107 w prac\u0119 i \u017ar\u00f3d\u0142o utrzymania. A by\u0142 to rok 1998&#8230;<\/p>\n<h3><strong>MAMY JU\u017b PONAD 20 LAT DO\u015aWIADCZENIA \ud83d\ude42<\/strong><\/h3>\n<p>Dzia\u0142alno\u015b\u0107 na rynku prowadzimy od 1998 r. i posiadamy zezwolenie organizatora turystyki. Od ponad 20 lat nieprzerwanie organizujemy wycieczki, obozy, integracje, kursy szkoleniowe. W mi\u0119dzyczasie wsp\u00f3lnie z przyjaci\u00f3\u0142mi za\u0142o\u017cyli\u015bmy organizacj\u0119 &#8211; dru\u017cyn\u0119 rekonstrukcji historycznej &#8222;Villsvin Hird&#8221;, kt\u00f3ra wzbogaci\u0142a nasze zaj\u0119cia historyczne, stworzyli\u015bmy obozy fabularne &#8222;Silberberg&#8221; oparte na naszym autorskim systemie gry LARP w terenie (to jedyne takie obozy w Polsce) oraz wybudowali\u015bmy baz\u0119 noclegow\u0105 &#8222;Warownia&#8221;, kt\u00f3ra rozpocz\u0119\u0142a dzia\u0142alno\u015b\u0107 wiosn\u0105 2013 roku.<\/p>\n<p><strong>Co u nas znajdziecie?<\/strong><br \/>Przede wszystkim klimat \u2013 tu wsp\u00f3\u0142czesno\u015b\u0107 przeplata si\u0119 z histori\u0105, aktywno\u015b\u0107 z odpoczynkiem, adrenalina z relaksem. Zaj\u0119cia linowe, rekonstrukcja historyczna, strzelanki airsoft , niebanalne wyprawy szlakiem dawnych ruin,\u2013 a po powrocie ze szlaku odpoczynek w bazie noclegowej w atmosferze dawnej warowni.<br \/>Staramy si\u0119, aby dzia\u0142alno\u015b\u0107 naszej firmy przynosi\u0142a naszym klientom to, czego oczekuj\u0105 &#8211; prawdziw\u0105 przygod\u0119, wra\u017cenia, kt\u00f3rych si\u0119 nie zapomina, rado\u015b\u0107 z pokonywania s\u0142abo\u015bci, eufori\u0119 zdobywanych szczyt\u00f3w, zachwyt pi\u0119knem przyrody i zadum\u0119 nad tajemnicami historii. A nam samym satysfakcj\u0119 z pracy.<\/p>\n<p>[\/et_pb_text][\/et_pb_column][et_pb_column type=&#8221;1_2&#8243; _builder_version=&#8221;4.16&#8243; global_colors_info=&#8221;{}&#8221;][et_pb_image src=&#8221;https:\/\/kortunal.com\/wp-content\/uploads\/2019\/12\/zdjecie_onas_kortunal.jpg&#8221; align=&#8221;center&#8221; _builder_version=&#8221;4.16&#8243; width=&#8221;51%&#8221; global_colors_info=&#8221;{}&#8221;][\/et_pb_image][et_pb_accordion open_toggle_text_color=&#8221;#000000&#8243; _builder_version=&#8221;4.27.4&#8243; toggle_font_size=&#8221;20px&#8221; background_enable_color=&#8221;off&#8221; text_orientation=&#8221;left&#8221; hover_enabled=&#8221;0&#8243; box_shadow_style=&#8221;preset1&#8243; global_colors_info=&#8221;{}&#8221; sticky_enabled=&#8221;0&#8243;][et_pb_accordion_item title=&#8221;INFORMACJE FORMALNE&#8221; open=&#8221;on&#8221; _builder_version=&#8221;4.27.4&#8243; background_color=&#8221;#f5f5dc&#8221; background_enable_color=&#8221;on&#8221; hover_enabled=&#8221;0&#8243; global_colors_info=&#8221;{}&#8221; sticky_enabled=&#8221;0&#8243;]<\/p>\n<p>&nbsp;<\/p>\n<p><strong>Kortunal \u2013 turystyka i przygoda\u00a0<\/strong><br \/>Ul. Warowna 2, 57-215 Srebrna G\u00f3ra<br \/>NIP 547-183-82-77 REGON 072736498<br \/>Rejestr Organizator\u00f3w Turystyki nr 1072\/23\/2025 nr ew. 42556<\/p>\n<p>PKO BP 63 1020 5138 0000 9602 0193 4876<\/p>\n<p>[\/et_pb_accordion_item][\/et_pb_accordion][\/et_pb_column][\/et_pb_row][\/et_pb_section][et_pb_section fb_built=&#8221;1&#8243; prev_background_color=&#8221;#f5f5dc&#8221; module_id=&#8221;contact&#8221; _builder_version=&#8221;4.16&#8243; background_color=&#8221;#343d29&#8243; custom_padding=&#8221;29px|||||&#8221; top_divider_style=&#8221;arrow2&#8243; top_divider_flip=&#8221;vertical&#8221; border_color_bottom=&#8221;#ffffff&#8221; global_colors_info=&#8221;{}&#8221;][et_pb_row _builder_version=&#8221;4.16&#8243; global_colors_info=&#8221;{}&#8221;][et_pb_column type=&#8221;4_4&#8243; _builder_version=&#8221;4.16&#8243; global_colors_info=&#8221;{}&#8221;][et_pb_text _builder_version=&#8221;4.16&#8243; header_2_font=&#8221;AnironB|700|||||||&#8221; header_2_text_color=&#8221;#ffffff&#8221; header_2_font_size=&#8221;30px&#8221; global_colors_info=&#8221;{}&#8221;]<\/p>\n<h2 style=\"text-align: center;\"><strong>Kontakt<\/strong><\/h2>\n<p>[\/et_pb_text][\/et_pb_column][\/et_pb_row][et_pb_row column_structure=&#8221;1_3,1_3,1_3&#8243; _builder_version=&#8221;4.16&#8243; max_width=&#8221;2560px&#8221; global_colors_info=&#8221;{}&#8221;][et_pb_column type=&#8221;1_3&#8243; _builder_version=&#8221;4.16&#8243; global_colors_info=&#8221;{}&#8221;][et_pb_image src=&#8221;https:\/\/kortunal.com\/wp-content\/uploads\/2019\/12\/ikony_30_12_2019_3.png&#8221; _builder_version=&#8221;4.16&#8243; width=&#8221;40%&#8221; module_alignment=&#8221;center&#8221; global_colors_info=&#8221;{}&#8221;][\/et_pb_image][et_pb_text _builder_version=&#8221;4.16&#8243; text_font=&#8221;|||on|||||&#8221; header_3_text_color=&#8221;#ffffff&#8221; header_3_font_size=&#8221;24px&#8221; header_4_text_color=&#8221;#ffffff&#8221; custom_margin=&#8221;||15px||false|false&#8221; global_colors_info=&#8221;{}&#8221;]<\/p>\n<h4 style=\"text-align: center;\"><strong>Rezerwacja wycieczek<\/strong><\/h4>\n<p>[\/et_pb_text][et_pb_text _builder_version=&#8221;4.16&#8243; text_text_color=&#8221;#ffffff&#8221; text_line_height=&#8221;1em&#8221; custom_margin=&#8221;0px||||false|false&#8221; custom_padding=&#8221;0px||||false|false&#8221; global_colors_info=&#8221;{}&#8221;]<\/p>\n<p style=\"text-align: center;\"><a href=\"mailto:halfgar@kortunal.com\"><span style=\"color: white;\"><b>halfgar@kortunal.com<\/b><\/span><\/a><\/p>\n<p style=\"text-align: center;\">Pawe\u0142 \u0141oza<\/p>\n<p style=\"text-align: center;\">tel. 604 522 055<\/p>\n<p style=\"text-align: center;\">pn. &#8211; sob.<\/p>\n<p style=\"text-align: center;\">w godz. 10:00-18:00<\/p>\n<p>[\/et_pb_text][\/et_pb_column][et_pb_column type=&#8221;1_3&#8243; _builder_version=&#8221;4.16&#8243; global_colors_info=&#8221;{}&#8221;][et_pb_image src=&#8221;https:\/\/kortunal.com\/wp-content\/uploads\/2019\/12\/ikony_200x200_5.png&#8221; _builder_version=&#8221;4.16&#8243; width=&#8221;40%&#8221; module_alignment=&#8221;center&#8221; global_colors_info=&#8221;{}&#8221;][\/et_pb_image][et_pb_text _builder_version=&#8221;4.16&#8243; text_font=&#8221;|||on|||||&#8221; header_3_font_size=&#8221;24px&#8221; header_4_text_color=&#8221;#ffffff&#8221; custom_margin=&#8221;||15px||false|false&#8221; global_colors_info=&#8221;{}&#8221;]<\/p>\n<h4 style=\"text-align: center;\"><strong>Noclegi w Warowni<br \/>\n(rezerwacja)<\/strong><\/h4>\n<p>[\/et_pb_text][et_pb_text _builder_version=&#8221;4.16&#8243; text_text_color=&#8221;#ffffff&#8221; custom_margin=&#8221;0px||22px||false|false&#8221; custom_padding=&#8221;0px||||false|false&#8221; global_colors_info=&#8221;{}&#8221;]<\/p>\n<p style=\"text-align: center;\"><a href=\"mailto:biuro@kortunal.com\"><span style=\"color: white;\"><b>biuro@kortunal.com<\/b><\/span><\/a><\/p>\n<p>[\/et_pb_text][et_pb_text _builder_version=&#8221;4.16&#8243; text_font=&#8221;|||on|||||&#8221; header_3_font_size=&#8221;24px&#8221; header_4_text_color=&#8221;#ffffff&#8221; header_4_font_size=&#8221;22px&#8221; custom_margin=&#8221;||15px||false|false&#8221; global_colors_info=&#8221;{}&#8221;]<\/p>\n<h4 style=\"text-align: center;\"><span style=\"text-decoration: underline;\"><strong>Biuro<\/strong><\/span><\/h4>\n<p>[\/et_pb_text][et_pb_text _builder_version=&#8221;4.20.0&#8243; text_font=&#8221;|600|||||||&#8221; text_text_color=&#8221;#ffffff&#8221; text_font_size=&#8221;17px&#8221; text_line_height=&#8221;1.5em&#8221; custom_margin=&#8221;0px||22px||false|false&#8221; custom_padding=&#8221;0px||||false|false&#8221; global_colors_info=&#8221;{}&#8221;]<\/p>\n<p style=\"text-align: center;\">Magdalena Baraniak<a href=\"mailto:biuro@kortunal.com\"><br \/><span style=\"color: white;\">biuro@kortunal.com<\/span><\/a><br \/>tel.: 604522055 (12:00 -18:00)<\/p>\n<p>[\/et_pb_text][\/et_pb_column][et_pb_column type=&#8221;1_3&#8243; _builder_version=&#8221;4.16&#8243; global_colors_info=&#8221;{}&#8221;][et_pb_image src=&#8221;https:\/\/kortunal.com\/wp-content\/uploads\/2019\/12\/ikony_30_12_2019_2.png&#8221; _builder_version=&#8221;4.16&#8243; width=&#8221;40%&#8221; module_alignment=&#8221;center&#8221; global_colors_info=&#8221;{}&#8221;][\/et_pb_image][et_pb_text _builder_version=&#8221;4.16&#8243; text_font=&#8221;|||on|||||&#8221; header_3_font_size=&#8221;24px&#8221; header_4_text_color=&#8221;#ffffff&#8221; custom_margin=&#8221;||15px||false|false&#8221; global_colors_info=&#8221;{}&#8221;]<\/p>\n<h4 style=\"text-align: center;\"><strong>Obozy wakacyjne <\/strong><\/h4>\n<p>[\/et_pb_text][et_pb_text _builder_version=&#8221;4.16&#8243; text_text_color=&#8221;#ffffff&#8221; text_font_size=&#8221;15px&#8221; text_line_height=&#8221;1.1em&#8221; custom_margin=&#8221;0px||||false|false&#8221; custom_padding=&#8221;0px||||false|false&#8221; global_colors_info=&#8221;{}&#8221;]<\/p>\n<p style=\"text-align: center; margin-bottom: 20px;\">Kontakt fabularny: <a href=\"mailto:info@silberberg.pl\"><span style=\"color: white;\"><b>info@silberberg.pl<\/b><\/span><\/a><\/p>\n<p style=\"text-align: center;\">Rezerwacja: <a href=\"mailto:rezerwacja@silberberg.pl\"><span style=\"color: white;\"><b>rezerwacja@silberberg.pl<\/b><\/span><\/a><\/p>\n<p style=\"text-align: center;\">\n<p style=\"text-align: center;\">Dojazdy (Pawe\u0142 \u0141oza):<br \/>\n<a href=\"mailto:halfgar@kortunal.com\"><span style=\"color: white; display: inline-block; padding: 5px;\"><b>halfgar@kortunal.com<\/b><\/span><\/a><br \/>\nTel: 604522055<\/p>\n<p>[\/et_pb_text][\/et_pb_column][\/et_pb_row][\/et_pb_section][et_pb_section fb_built=&#8221;1&#8243; _builder_version=&#8221;4.16&#8243; background_color=&#8221;rgba(0,0,0,0.9)&#8221; background_image=&#8221;https:\/\/kortunal.com\/wp-content\/uploads\/2019\/12\/0098_fot.Rekografia.jpg&#8221; background_blend=&#8221;overlay&#8221; custom_padding=&#8221;||0px||false|false&#8221; global_colors_info=&#8221;{}&#8221;][et_pb_row _builder_version=&#8221;4.16&#8243; custom_padding=&#8221;||8px|||&#8221; global_colors_info=&#8221;{}&#8221;][et_pb_column type=&#8221;4_4&#8243; _builder_version=&#8221;4.16&#8243; global_colors_info=&#8221;{}&#8221;][et_pb_text _builder_version=&#8221;4.16&#8243; header_2_font=&#8221;AnironB|700|||||||&#8221; header_2_text_color=&#8221;#ffffff&#8221; header_2_font_size=&#8221;30px&#8221; global_colors_info=&#8221;{}&#8221;]<\/p>\n<h2 style=\"text-align: center;\">Dane firmy:<\/h2>\n<p>[\/et_pb_text][et_pb_text _builder_version=&#8221;4.16&#8243; text_text_color=&#8221;#ffffff&#8221; text_line_height=&#8221;1.2em&#8221; header_4_text_color=&#8221;#ffffff&#8221; header_4_line_height=&#8221;1.7em&#8221; custom_margin=&#8221;||3%||false|false&#8221; global_colors_info=&#8221;{}&#8221;]<\/p>\n<h4 style=\"text-align: center;\"><strong>Kortunal &#8211; turystyka i przygoda<\/strong><\/h4>\n<p style=\"text-align: center;\">ul. Warowna 2, 57-215 Srebrna G\u00f3ra<\/p>\n<p style=\"text-align: center;\"><a href=\"mailto:biuro@kortunal.com\"><span style=\"color: white;\"><b>biuro@kortunal.com<\/b><\/span><\/a><\/p>\n<p>[\/et_pb_text][\/et_pb_column][\/et_pb_row][et_pb_row column_structure=&#8221;1_3,1_3,1_3&#8243; _builder_version=&#8221;4.16&#8243; custom_padding=&#8221;4px|||||&#8221; global_colors_info=&#8221;{}&#8221;][et_pb_column type=&#8221;1_3&#8243; _builder_version=&#8221;4.16&#8243; global_colors_info=&#8221;{}&#8221;][et_pb_text _builder_version=&#8221;4.16&#8243; text_text_color=&#8221;#ffffff&#8221; text_line_height=&#8221;1.2em&#8221; header_4_text_color=&#8221;#ffffff&#8221; header_4_line_height=&#8221;1.7em&#8221; custom_margin=&#8221;||3%||false|false&#8221; global_colors_info=&#8221;{}&#8221;]<\/p>\n<h4 style=\"text-align: center;\"><strong>Wycieczki:<\/strong><\/h4>\n<p style=\"text-align: center;\"><a href=\"mailto:halfgar@kortunal.com\"><span style=\"color: white;\"><b>halfgar@kortunal.com<\/b><\/span><\/a><\/p>\n<p>[\/et_pb_text][\/et_pb_column][et_pb_column type=&#8221;1_3&#8243; _builder_version=&#8221;4.16&#8243; global_colors_info=&#8221;{}&#8221;][et_pb_text _builder_version=&#8221;4.16&#8243; text_text_color=&#8221;#ffffff&#8221; text_line_height=&#8221;1.2em&#8221; header_4_text_color=&#8221;#ffffff&#8221; header_4_line_height=&#8221;1.7em&#8221; custom_margin=&#8221;||3%||false|false&#8221; global_colors_info=&#8221;{}&#8221;]<\/p>\n<h4 style=\"text-align: center;\"><strong>Obozy<\/strong><\/h4>\n<p style=\"text-align: center;\"><a href=\"mailto:rezerwacja@silberberg.pl\"><span style=\"color: white;\"><b>rezerwacja@silberberg.pl<\/b><\/span><\/a><\/p>\n<p>[\/et_pb_text][\/et_pb_column][et_pb_column type=&#8221;1_3&#8243; _builder_version=&#8221;4.16&#8243; global_colors_info=&#8221;{}&#8221;][et_pb_text _builder_version=&#8221;4.16&#8243; text_text_color=&#8221;#ffffff&#8221; text_line_height=&#8221;1.2em&#8221; header_4_text_color=&#8221;#ffffff&#8221; header_4_line_height=&#8221;1.7em&#8221; global_colors_info=&#8221;{}&#8221;]<\/p>\n<h4 style=\"text-align: center;\"><strong>Pobyt w Warowni:<\/strong><\/h4>\n<p style=\"text-align: center;\"><a href=\"mailto:biuro@kortunal.com\"><span style=\"color: white;\"><b>biuro@kortunal.com<\/b><\/span><\/a><\/p>\n<p>[\/et_pb_text][\/et_pb_column][\/et_pb_row][et_pb_row use_custom_gutter=&#8221;on&#8221; gutter_width=&#8221;1&#8243; _builder_version=&#8221;4.16&#8243; width=&#8221;100%&#8221; max_width=&#8221;2560px&#8221; custom_padding=&#8221;||3px|||&#8221; global_colors_info=&#8221;{}&#8221;][et_pb_column type=&#8221;4_4&#8243; _builder_version=&#8221;4.16&#8243; global_colors_info=&#8221;{}&#8221;][et_pb_text _builder_version=&#8221;4.16&#8243; header_2_font=&#8221;AnironB|700||on|||||&#8221; header_2_text_color=&#8221;#ffffff&#8221; header_2_font_size=&#8221;30px&#8221; custom_padding=&#8221;||2%||false|false&#8221; global_colors_info=&#8221;{}&#8221;]<\/p>\n<h2 style=\"text-align: center;\">Dojazd<\/h2>\n<p>[\/et_pb_text][et_pb_code _builder_version=&#8221;4.16&#8243; global_colors_info=&#8221;{}&#8221;]<iframe loading=\"lazy\" style=\"border: 0;\" src=\"https:\/\/www.google.com\/maps\/embed?pb=!1m18!1m12!1m3!1d2533.955568749915!2d16.635808015702313!3d50.57219017949233!2m3!1f0!2f0!3f0!3m2!1i1024!2i768!4f13.1!3m3!1m2!1s0x470e394ae0097ebd%3A0x67395c6a1e92afe7!2sWarownia%20(Kortunal%20-%20turystyka%20i%20przygoda)!5e0!3m2!1spl!2spl!4v1577701970494!5m2!1spl!2spl\" width=\"1920\" height=\"400\" frameborder=\"0\" allowfullscreen=\"allowfullscreen\"><\/iframe>[\/et_pb_code][\/et_pb_column][\/et_pb_row][\/et_pb_section]<\/p>\n","protected":false},"excerpt":{"rendered":"<p>O nasFirma ta powsta\u0142a z naszej fascynacji G\u00f3rami Sowimi, potrzeby przygody, zami\u0142owania do survivalu i mi\u0142o\u015bci do niezwyk\u0142ego miejsca, jakim jest Srebrna G\u00f3ra. Po kilku latach przyg\u00f3d na w\u0142asn\u0105 r\u0119k\u0119 postanowili\u015bmy nasza pasj\u0119 zamieni\u0107 w prac\u0119 i \u017ar\u00f3d\u0142o utrzymania. A by\u0142 to rok 1998&#8230; MAMY JU\u017b PONAD 20 LAT DO\u015aWIADCZENIA \ud83d\ude42 Dzia\u0142alno\u015b\u0107 na rynku prowadzimy [&hellip;]<\/p>\n","protected":false},"author":1,"featured_media":0,"parent":0,"menu_order":0,"comment_status":"closed","ping_status":"closed","template":"","meta":{"_et_pb_use_builder":"on","_et_pb_old_content":"<!-- wp:divi\/placeholder \/-->","_et_gb_content_width":"","footnotes":""},"class_list":["post-70","page","type-page","status-publish","hentry"],"yoast_head":"<!-- This site is optimized with the Yoast SEO plugin v27.3 - https:\/\/yoast.com\/product\/yoast-seo-wordpress\/ -->\n<title>Kontakt - Kortunal<\/title>\n<meta name=\"robots\" content=\"index, follow, max-snippet:-1, max-image-preview:large, max-video-preview:-1\" \/>\n<link rel=\"canonical\" href=\"https:\/\/kortunal.com\/index.php\/kontakt\/\" \/>\n<meta property=\"og:locale\" content=\"pl_PL\" \/>\n<meta property=\"og:type\" content=\"article\" \/>\n<meta property=\"og:title\" content=\"Kontakt - Kortunal\" \/>\n<meta property=\"og:description\" content=\"O nasFirma ta powsta\u0142a z naszej fascynacji G\u00f3rami Sowimi, potrzeby przygody, zami\u0142owania do survivalu i mi\u0142o\u015bci do niezwyk\u0142ego miejsca, jakim jest Srebrna G\u00f3ra. Po kilku latach przyg\u00f3d na w\u0142asn\u0105 r\u0119k\u0119 postanowili\u015bmy nasza pasj\u0119 zamieni\u0107 w prac\u0119 i \u017ar\u00f3d\u0142o utrzymania. A by\u0142 to rok 1998... MAMY JU\u017b PONAD 20 LAT DO\u015aWIADCZENIA :) Dzia\u0142alno\u015b\u0107 na rynku prowadzimy [&hellip;]\" \/>\n<meta property=\"og:url\" content=\"https:\/\/kortunal.com\/index.php\/kontakt\/\" \/>\n<meta property=\"og:site_name\" content=\"Kortunal\" \/>\n<meta property=\"article:modified_time\" content=\"2025-06-24T09:08:08+00:00\" \/>\n<meta name=\"twitter:card\" content=\"summary_large_image\" \/>\n<meta name=\"twitter:label1\" content=\"Szacowany czas czytania\" \/>\n\t<meta name=\"twitter:data1\" content=\"4 minuty\" \/>\n<script type=\"application\/ld+json\" class=\"yoast-schema-graph\">{\"@context\":\"https:\\\/\\\/schema.org\",\"@graph\":[{\"@type\":\"WebPage\",\"@id\":\"https:\\\/\\\/kortunal.com\\\/index.php\\\/kontakt\\\/\",\"url\":\"https:\\\/\\\/kortunal.com\\\/index.php\\\/kontakt\\\/\",\"name\":\"Kontakt - Kortunal\",\"isPartOf\":{\"@id\":\"https:\\\/\\\/kortunal.com\\\/#website\"},\"datePublished\":\"2019-12-05T14:27:50+00:00\",\"dateModified\":\"2025-06-24T09:08:08+00:00\",\"breadcrumb\":{\"@id\":\"https:\\\/\\\/kortunal.com\\\/index.php\\\/kontakt\\\/#breadcrumb\"},\"inLanguage\":\"pl-PL\",\"potentialAction\":[{\"@type\":\"ReadAction\",\"target\":[\"https:\\\/\\\/kortunal.com\\\/index.php\\\/kontakt\\\/\"]}]},{\"@type\":\"BreadcrumbList\",\"@id\":\"https:\\\/\\\/kortunal.com\\\/index.php\\\/kontakt\\\/#breadcrumb\",\"itemListElement\":[{\"@type\":\"ListItem\",\"position\":1,\"name\":\"Strona g\u0142\u00f3wna\",\"item\":\"https:\\\/\\\/kortunal.com\\\/\"},{\"@type\":\"ListItem\",\"position\":2,\"name\":\"Kontakt\"}]},{\"@type\":\"WebSite\",\"@id\":\"https:\\\/\\\/kortunal.com\\\/#website\",\"url\":\"https:\\\/\\\/kortunal.com\\\/\",\"name\":\"Kortunal\",\"description\":\"Obozy i wycieczki pe\u0142ne przyg\u00f3d.\",\"potentialAction\":[{\"@type\":\"SearchAction\",\"target\":{\"@type\":\"EntryPoint\",\"urlTemplate\":\"https:\\\/\\\/kortunal.com\\\/?s={search_term_string}\"},\"query-input\":{\"@type\":\"PropertyValueSpecification\",\"valueRequired\":true,\"valueName\":\"search_term_string\"}}],\"inLanguage\":\"pl-PL\"}]}<\/script>\n<!-- \/ Yoast SEO plugin. -->","yoast_head_json":{"title":"Kontakt - Kortunal","robots":{"index":"index","follow":"follow","max-snippet":"max-snippet:-1","max-image-preview":"max-image-preview:large","max-video-preview":"max-video-preview:-1"},"canonical":"https:\/\/kortunal.com\/index.php\/kontakt\/","og_locale":"pl_PL","og_type":"article","og_title":"Kontakt - Kortunal","og_description":"O nasFirma ta powsta\u0142a z naszej fascynacji G\u00f3rami Sowimi, potrzeby przygody, zami\u0142owania do survivalu i mi\u0142o\u015bci do niezwyk\u0142ego miejsca, jakim jest Srebrna G\u00f3ra. Po kilku latach przyg\u00f3d na w\u0142asn\u0105 r\u0119k\u0119 postanowili\u015bmy nasza pasj\u0119 zamieni\u0107 w prac\u0119 i \u017ar\u00f3d\u0142o utrzymania. A by\u0142 to rok 1998... MAMY JU\u017b PONAD 20 LAT DO\u015aWIADCZENIA :) Dzia\u0142alno\u015b\u0107 na rynku prowadzimy [&hellip;]","og_url":"https:\/\/kortunal.com\/index.php\/kontakt\/","og_site_name":"Kortunal","article_modified_time":"2025-06-24T09:08:08+00:00","twitter_card":"summary_large_image","twitter_misc":{"Szacowany czas czytania":"4 minuty"},"schema":{"@context":"https:\/\/schema.org","@graph":[{"@type":"WebPage","@id":"https:\/\/kortunal.com\/index.php\/kontakt\/","url":"https:\/\/kortunal.com\/index.php\/kontakt\/","name":"Kontakt - Kortunal","isPartOf":{"@id":"https:\/\/kortunal.com\/#website"},"datePublished":"2019-12-05T14:27:50+00:00","dateModified":"2025-06-24T09:08:08+00:00","breadcrumb":{"@id":"https:\/\/kortunal.com\/index.php\/kontakt\/#breadcrumb"},"inLanguage":"pl-PL","potentialAction":[{"@type":"ReadAction","target":["https:\/\/kortunal.com\/index.php\/kontakt\/"]}]},{"@type":"BreadcrumbList","@id":"https:\/\/kortunal.com\/index.php\/kontakt\/#breadcrumb","itemListElement":[{"@type":"ListItem","position":1,"name":"Strona g\u0142\u00f3wna","item":"https:\/\/kortunal.com\/"},{"@type":"ListItem","position":2,"name":"Kontakt"}]},{"@type":"WebSite","@id":"https:\/\/kortunal.com\/#website","url":"https:\/\/kortunal.com\/","name":"Kortunal","description":"Obozy i wycieczki pe\u0142ne przyg\u00f3d.","potentialAction":[{"@type":"SearchAction","target":{"@type":"EntryPoint","urlTemplate":"https:\/\/kortunal.com\/?s={search_term_string}"},"query-input":{"@type":"PropertyValueSpecification","valueRequired":true,"valueName":"search_term_string"}}],"inLanguage":"pl-PL"}]}},"_links":{"self":[{"href":"https:\/\/kortunal.com\/index.php\/wp-json\/wp\/v2\/pages\/70","targetHints":{"allow":["GET"]}}],"collection":[{"href":"https:\/\/kortunal.com\/index.php\/wp-json\/wp\/v2\/pages"}],"about":[{"href":"https:\/\/kortunal.com\/index.php\/wp-json\/wp\/v2\/types\/page"}],"author":[{"embeddable":true,"href":"https:\/\/kortunal.com\/index.php\/wp-json\/wp\/v2\/users\/1"}],"replies":[{"embeddable":true,"href":"https:\/\/kortunal.com\/index.php\/wp-json\/wp\/v2\/comments?post=70"}],"version-history":[{"count":34,"href":"https:\/\/kortunal.com\/index.php\/wp-json\/wp\/v2\/pages\/70\/revisions"}],"predecessor-version":[{"id":50427,"href":"https:\/\/kortunal.com\/index.php\/wp-json\/wp\/v2\/pages\/70\/revisions\/50427"}],"wp:attachment":[{"href":"https:\/\/kortunal.com\/index.php\/wp-json\/wp\/v2\/media?parent=70"}],"curies":[{"name":"wp","href":"https:\/\/api.w.org\/{rel}","templated":true}]}}